{"id":6600,"date":"2019-02-20T13:56:34","date_gmt":"2019-02-20T10:56:34","guid":{"rendered":"https:\/\/www.ibavet.com.tr\/bolge-mudurlukleri\/"},"modified":"2026-01-26T16:27:58","modified_gmt":"2026-01-26T13:27:58","slug":"district-offices","status":"publish","type":"page","link":"https:\/\/www.ibavet.com.tr\/en\/district-offices\/","title":{"rendered":"District Offices"},"content":{"rendered":"[vc_row type=&#8221;full_width_background&#8221; full_screen_row_position=&#8221;middle&#8221; bg_image=&#8221;6026&#8243; bg_position=&#8221;left center&#8221; bg_repeat=&#8221;no-repeat&#8221; scene_position=&#8221;center&#8221; text_color=&#8221;light&#8221; text_align=&#8221;left&#8221; top_padding=&#8221;10%&#8221; bottom_padding=&#8221;10%&#8221; enable_gradient=&#8221;true&#8221; color_overlay=&#8221;#263336&#8243; gradient_direction=&#8221;left_to_right&#8221; overlay_strength=&#8221;1&#8243; shape_divider_position=&#8221;bottom&#8221; bg_image_animation=&#8221;none&#8221; parallax_bg=&#8221;true&#8221; parallax_bg_speed=&#8221;fast&#8221; shape_type=&#8221;&#8221;][vc_column column_padding=&#8221;no-extra-padding&#8221; column_padding_position=&#8221;all&#8221; background_color_opacity=&#8221;1&#8243; background_hover_color_opacity=&#8221;1&#8243; column_link_target=&#8221;_self&#8221; column_shadow=&#8221;none&#8221; column_border_radius=&#8221;none&#8221; width=&#8221;5\/12&#8243; tablet_width_inherit=&#8221;default&#8221; tablet_text_alignment=&#8221;default&#8221; phone_text_alignment=&#8221;default&#8221; column_border_width=&#8221;none&#8221; column_border_style=&#8221;solid&#8221; bg_image_animation=&#8221;none&#8221;][vc_row_inner column_margin=&#8221;default&#8221; text_align=&#8221;left&#8221;][vc_column_inner column_padding=&#8221;no-extra-padding&#8221; column_padding_position=&#8221;all&#8221; background_color_opacity=&#8221;1&#8243; background_hover_color_opacity=&#8221;1&#8243; column_shadow=&#8221;none&#8221; column_border_radius=&#8221;none&#8221; column_link_target=&#8221;_self&#8221; width=&#8221;1\/1&#8243; tablet_width_inherit=&#8221;default&#8221; column_border_width=&#8221;none&#8221; column_border_style=&#8221;solid&#8221; bg_image_animation=&#8221;none&#8221;][vc_column_text css=&#8221;.vc_custom_1554023669752{margin-top: 40px !important;margin-bottom: 5px !important;}&#8221;]\n<h5>\u0130BAVET<\/h5>\n[\/vc_column_text][nectar_highlighted_text highlight_color=&#8221;#ff1053&#8243; style=&#8221;half_text&#8221;]\n<h2>A Door to the World<\/h2>\n[\/nectar_highlighted_text]<div class=\"divider-wrap\" data-alignment=\"default\"><div style=\"margin-top: 50px; height: 1px; margin-bottom: 50px;\" data-width=\"100%\" data-animate=\"\" data-animation-delay=\"\" data-color=\"default\" class=\"divider-border\"><\/div><\/div>[vc_column_text]Ibavet keeps on gaining trust and admiration both in national and international markets thanks to its wide product range, ever-growing technologies, expert staff and close customer relationships.[\/vc_column_text][\/vc_column_inner][\/vc_row_inner][\/vc_column][vc_column column_padding=&#8221;no-extra-padding&#8221; column_padding_position=&#8221;all&#8221; background_color_opacity=&#8221;1&#8243; background_hover_color_opacity=&#8221;1&#8243; column_link_target=&#8221;_self&#8221; column_shadow=&#8221;none&#8221; column_border_radius=&#8221;none&#8221; width=&#8221;7\/12&#8243; tablet_width_inherit=&#8221;default&#8221; tablet_text_alignment=&#8221;default&#8221; phone_text_alignment=&#8221;default&#8221; column_border_width=&#8221;none&#8221; column_border_style=&#8221;solid&#8221; bg_image_animation=&#8221;none&#8221;][\/vc_column][\/vc_row][vc_row type=&#8221;full_width_background&#8221; full_screen_row_position=&#8221;middle&#8221; scene_position=&#8221;center&#8221; text_color=&#8221;dark&#8221; text_align=&#8221;left&#8221; top_padding=&#8221;10%&#8221; bottom_padding=&#8221;10%&#8221; overlay_strength=&#8221;0.95&#8243; shape_divider_position=&#8221;bottom&#8221; bg_image_animation=&#8221;none&#8221;][vc_column column_padding=&#8221;no-extra-padding&#8221; column_padding_position=&#8221;all&#8221; background_color_opacity=&#8221;1&#8243; background_hover_color_opacity=&#8221;1&#8243; column_link_target=&#8221;_self&#8221; column_shadow=&#8221;none&#8221; column_border_radius=&#8221;none&#8221; width=&#8221;1\/1&#8243; tablet_width_inherit=&#8221;default&#8221; tablet_text_alignment=&#8221;default&#8221; phone_text_alignment=&#8221;default&#8221; column_border_width=&#8221;none&#8221; column_border_style=&#8221;solid&#8221; bg_image_animation=&#8221;none&#8221; enable_animation=&#8221;true&#8221; animation=&#8221;fade-in-from-bottom&#8221;][vc_row_inner column_margin=&#8221;default&#8221; text_align=&#8221;left&#8221;][vc_column_inner column_padding=&#8221;no-extra-padding&#8221; column_padding_position=&#8221;left&#8221; background_color_opacity=&#8221;1&#8243; background_hover_color_opacity=&#8221;1&#8243; column_shadow=&#8221;none&#8221; column_border_radius=&#8221;none&#8221; column_link_target=&#8221;_self&#8221; width=&#8221;1\/1&#8243; tablet_width_inherit=&#8221;default&#8221; column_border_width=&#8221;none&#8221; column_border_style=&#8221;solid&#8221; bg_image_animation=&#8221;none&#8221; enable_animation=&#8221;true&#8221; animation=&#8221;fade-in-from-bottom&#8221;][vc_column_text css=&#8221;.vc_custom_1567691081433{margin-top: -8px !important;margin-bottom: -8px !important;}&#8221;]\n<div class=\"col-sm-12 col-md-8 page-right animated fadeInUp visible\" data-animation=\"fadeInUp\" data-animation-delay=\"200\">\n<div class=\"col-sm-12\">\n<h2 class=\"title-iletisim-formu\">District Offices<\/h2>\n<\/div>\n<\/div>\n[\/vc_column_text][\/vc_column_inner][\/vc_row_inner][vc_row_inner column_margin=&#8221;default&#8221; bottom_padding=&#8221;80&#8243; text_align=&#8221;left&#8221;][vc_column_inner column_padding=&#8221;no-extra-padding&#8221; column_padding_position=&#8221;left&#8221; background_color_opacity=&#8221;1&#8243; background_hover_color_opacity=&#8221;1&#8243; column_shadow=&#8221;none&#8221; column_border_radius=&#8221;none&#8221; column_link_target=&#8221;_self&#8221; width=&#8221;1\/1&#8243; tablet_width_inherit=&#8221;default&#8221; column_border_width=&#8221;none&#8221; column_border_style=&#8221;solid&#8221; bg_image_animation=&#8221;none&#8221; enable_animation=&#8221;true&#8221; animation=&#8221;fade-in-from-bottom&#8221; delay=&#8221;50&#8243;][vc_custom_heading text=&#8221;With our portable equipment, our traveller technical team of expert chemical engineers is ready to provide the needed technical support all over the world and our country.&#8221; font_container=&#8221;tag:p|text_align:left|color:rgba(10%2C10%2C10%2C0.65)&#8221; use_theme_fonts=&#8221;yes&#8221; css_animation=&#8221;none&#8221;][\/vc_column_inner][\/vc_row_inner][vc_row_inner column_margin=&#8221;default&#8221; text_align=&#8221;left&#8221;][vc_column_inner column_padding=&#8221;no-extra-padding&#8221; column_padding_position=&#8221;all&#8221; background_color_opacity=&#8221;1&#8243; background_hover_color_opacity=&#8221;1&#8243; column_shadow=&#8221;none&#8221; column_border_radius=&#8221;none&#8221; column_link_target=&#8221;_self&#8221; width=&#8221;1\/1&#8243; tablet_width_inherit=&#8221;default&#8221; column_border_width=&#8221;none&#8221; column_border_style=&#8221;solid&#8221; bg_image_animation=&#8221;none&#8221; enable_animation=&#8221;true&#8221; animation=&#8221;fade-in-from-bottom&#8221;][nectar_horizontal_list_item columns=&#8221;4&#8243; column_layout_using_4_columns=&#8221;even&#8221; col_1_text_align=&#8221;left&#8221; col_2_text_align=&#8221;left&#8221; col_3_text_align=&#8221;right&#8221; col_4_text_align=&#8221;right&#8221; font_family=&#8221;p&#8221; hover_color=&#8221;accent-color&#8221; col_1_content=&#8221;\u0130stanbul Regional Directorate&#8221; col_2_content=&#8221;Turgut A\u00c7IKG\u00d6Z&#8221; col_3_content=&#8221;Phone: +90 530 881 76 74&#8243; col_4_content=&#8221;turgut.acikgoz@ibavalresa.com.tr&#8221;][nectar_horizontal_list_item columns=&#8221;4&#8243; column_layout_using_4_columns=&#8221;even&#8221; col_1_text_align=&#8221;left&#8221; col_2_text_align=&#8221;left&#8221; col_3_text_align=&#8221;right&#8221; col_4_text_align=&#8221;right&#8221; font_family=&#8221;p&#8221; hover_color=&#8221;accent-color&#8221; col_1_content=&#8221;Aegean and Mediterranean Regional Directorate&#8221; col_2_content=&#8221;Osman YILMAZ&#8221; col_3_content=&#8221;Phone: +90 533 086 09 84&#8243; col_4_content=&#8221;osman.yilmaz@ibavalresa.com.tr&#8221;][nectar_horizontal_list_item columns=&#8221;4&#8243; column_layout_using_4_columns=&#8221;even&#8221; col_1_text_align=&#8221;left&#8221; col_2_text_align=&#8221;left&#8221; col_3_text_align=&#8221;right&#8221; col_4_text_align=&#8221;right&#8221; font_family=&#8221;p&#8221; hover_color=&#8221;accent-color&#8221; col_1_content=&#8221;Bursa Regional Directorate&#8221; col_2_content=&#8221;Oktay \u00d6ZKAN&#8221; col_3_content=&#8221;Phone: +90 530 881 76 72&#8243; col_4_content=&#8221;oktay.ozkan@ibavalresa.com.tr&#8221;][nectar_horizontal_list_item columns=&#8221;4&#8243; column_layout_using_4_columns=&#8221;even&#8221; col_1_text_align=&#8221;left&#8221; col_2_text_align=&#8221;left&#8221; col_3_text_align=&#8221;right&#8221; col_4_text_align=&#8221;right&#8221; font_family=&#8221;p&#8221; hover_color=&#8221;accent-color&#8221; col_1_content=&#8221;Ankara (Central) Regional Directorate&#8221; col_2_content=&#8221;\u015eahin \u00c7A\u011eLAR&#8221; col_3_content=&#8221;Phone: +90 533 512 68 40&#8243; col_4_content=&#8221;sahin.caglar@ibavalresa.com.tr&#8221;][nectar_horizontal_list_item columns=&#8221;4&#8243; column_layout_using_4_columns=&#8221;even&#8221; col_1_text_align=&#8221;left&#8221; col_2_text_align=&#8221;left&#8221; col_3_text_align=&#8221;right&#8221; col_4_text_align=&#8221;right&#8221; font_family=&#8221;p&#8221; hover_color=&#8221;accent-color&#8221; col_1_content=&#8221;G\u00fcney Anadolu Regional Directorate&#8221; col_2_content=&#8221;Erkan F\u0130L\u0130Z&#8221; col_3_content=&#8221;Phone: +90 537 397 99 97&#8243; col_4_content=&#8221;erkan.filiz@ibavalresa.com.tr&#8221;][\/vc_column_inner][\/vc_row_inner][\/vc_column][\/vc_row][vc_row type=&#8221;full_width_background&#8221; full_screen_row_position=&#8221;middle&#8221; bg_image=&#8221;5828&#8243; bg_position=&#8221;center center&#8221; bg_repeat=&#8221;no-repeat&#8221; bg_color=&#8221;#333333&#8243; scene_position=&#8221;center&#8221; video_bg=&#8221;use_video&#8221; video_mp4=&#8221;https:\/\/www.ibavet.com.tr\/wp-content\/uploads\/2019\/02\/drone-fabrika.mp4&#8243; text_color=&#8221;light&#8221; text_align=&#8221;left&#8221; top_padding=&#8221;12%&#8221; bottom_padding=&#8221;12%&#8221; color_overlay=&#8221;#0a0a0a&#8221; overlay_strength=&#8221;0.8&#8243; shape_divider_position=&#8221;bottom&#8221; bg_image_animation=&#8221;none&#8221; video_mute=&#8221;true&#8221; shape_type=&#8221;&#8221;][vc_column centered_text=&#8221;true&#8221; column_padding=&#8221;no-extra-padding&#8221; column_padding_position=&#8221;all&#8221; background_color_opacity=&#8221;1&#8243; background_hover_color_opacity=&#8221;1&#8243; column_link_target=&#8221;_self&#8221; column_shadow=&#8221;none&#8221; column_border_radius=&#8221;none&#8221; width=&#8221;1\/1&#8243; tablet_width_inherit=&#8221;default&#8221; tablet_text_alignment=&#8221;default&#8221; phone_text_alignment=&#8221;default&#8221; column_border_width=&#8221;none&#8221; column_border_style=&#8221;solid&#8221; bg_image_animation=&#8221;none&#8221;][vc_column_text css=&#8221;.vc_custom_1550504016780{margin-bottom: 5px !important;}&#8221;]\n<h5>\u0130BAVET<\/h5>\n[\/vc_column_text][vc_column_text css=&#8221;.vc_custom_1567687010715{margin-bottom: 35px !important;}&#8221;]\n<h1>View our factory<\/h1>\n[\/vc_column_text][nectar_video_lightbox link_style=&#8221;play_button&#8221; video_url=&#8221;https:\/\/www.ibavet.com.tr\/wp-content\/uploads\/2019\/02\/drone-fabrika.mp4&#8243;][\/vc_column][\/vc_row][vc_row type=&#8221;full_width_content&#8221; full_screen_row_position=&#8221;middle&#8221; equal_height=&#8221;yes&#8221; bg_color=&#8221;#e62a32&#8243; scene_position=&#8221;center&#8221; text_color=&#8221;light&#8221; text_align=&#8221;left&#8221; overlay_strength=&#8221;0.3&#8243; shape_divider_position=&#8221;bottom&#8221; bg_image_animation=&#8221;none&#8221; shape_type=&#8221;&#8221;][vc_column column_padding=&#8221;no-extra-padding&#8221; column_padding_position=&#8221;all&#8221; background_color_opacity=&#8221;1&#8243; background_hover_color_opacity=&#8221;1&#8243; column_link_target=&#8221;_self&#8221; column_shadow=&#8221;none&#8221; column_border_radius=&#8221;none&#8221; width=&#8221;1\/2&#8243; tablet_width_inherit=&#8221;default&#8221; tablet_text_alignment=&#8221;default&#8221; phone_text_alignment=&#8221;default&#8221; column_border_width=&#8221;none&#8221; column_border_style=&#8221;solid&#8221; bg_image_animation=&#8221;none&#8221; enable_animation=&#8221;true&#8221; animation=&#8221;grow-in&#8221; delay=&#8221;200&#8243;][nectar_gmap map_type=&#8221;leaflet&#8221; zoom=&#8221;6&#8243; marker_style=&#8221;nectar&#8221; color=&#8221;accent-color&#8221; leaflet_map_greyscale=&#8221;1&#8243; infowindow_start_open=&#8221;1&#8243; size=&#8221;750&#8243; map_center_lat=&#8221;39.961452&#8243; map_center_lng=&#8221;32.535911&#8243; map_markers=&#8221;39.961222|32.53376|IBAVET&#8221; marker_image_width=&#8221;32&#8243; marker_image_height=&#8221;51&#8243;][\/vc_column][vc_column column_padding=&#8221;padding-12-percent&#8221; column_padding_position=&#8221;all&#8221; background_color=&#8221;#e62a32&#8243; background_color_opacity=&#8221;0.9&#8243; background_hover_color_opacity=&#8221;1&#8243; background_image=&#8221;123&#8243; enable_bg_scale=&#8221;true&#8221; column_link_target=&#8221;_self&#8221; column_shadow=&#8221;none&#8221; column_border_radius=&#8221;none&#8221; width=&#8221;1\/2&#8243; tablet_width_inherit=&#8221;default&#8221; tablet_text_alignment=&#8221;default&#8221; phone_text_alignment=&#8221;default&#8221; column_border_width=&#8221;none&#8221; column_border_style=&#8221;solid&#8221; bg_image_animation=&#8221;fade-in&#8221; enable_animation=&#8221;true&#8221; animation=&#8221;grow-in&#8221; delay=&#8221;300&#8243;][vc_column_text css_animation=&#8221;none&#8221;]\n<h2>Our Address<\/h2>\n<p>O\u011fuz Caddesi No:24 I. Organize Sanayii Bolgesi<br \/>\n06930 Sincan \/ ANKARA<\/p>\n<p>Phone : 0 312 267 56 22<br \/>\nFax: 0 312 267 56 29<br \/>\n<span style=\"color: #ffffff;\"><a style=\"color: #ffffff;\" href=\"mailto:info@ibavalresa.com.tr\">info@ibavalresa.com.tr\u00a0<\/a><\/span>[\/vc_column_text]<div class=\"nectar-social  hide-share-count full-width items_5\"><a class='facebook-share nectar-sharing' href='#' title='Share this'> <i class='fa fa-facebook'><\/i> <span class='count'><\/span><\/a><a class='twitter-share nectar-sharing' href='#' title='Tweet this'> <i class='fa fa-twitter'><\/i> <span class='count'><\/span><\/a><a class='google-plus-share nectar-sharing-alt' href='#' title='Share this'> <i class='fa fa-google-plus'><\/i> <span class='count'><\/span><\/a><a class='linkedin-share nectar-sharing' href='#' title='Share this'> <i class='fa fa-linkedin'><\/i> <span class='count'><\/span><\/a><a class='pinterest-share nectar-sharing' href='#' title='Pin this'> <i class='fa fa-pinterest'><\/i> <span class='count'><\/span><\/a><\/div>[\/vc_column][\/vc_row]\n","protected":false},"excerpt":{"rendered":"<p>[vc_row type=&#8221;full_width_background&#8221; full_screen_row_position=&#8221;middle&#8221; bg_image=&#8221;6026&#8243; bg_position=&#8221;left center&#8221; bg_repeat=&#8221;no-repeat&#8221; scene_position=&#8221;center&#8221; text_color=&#8221;light&#8221; text_align=&#8221;left&#8221; top_padding=&#8221;10%&#8221; bottom_padding=&#8221;10%&#8221; enable_gradient=&#8221;true&#8221; color_overlay=&#8221;#263336&#8243; gradient_direction=&#8221;left_to_right&#8221; overlay_strength=&#8221;1&#8243; shape_divider_position=&#8221;bottom&#8221; bg_image_animation=&#8221;none&#8221; parallax_bg=&#8221;true&#8221; parallax_bg_speed=&#8221;fast&#8221; shape_type=&#8221;&#8221;][vc_column column_padding=&#8221;no-extra-padding&#8221; column_padding_position=&#8221;all&#8221; background_color_opacity=&#8221;1&#8243; background_hover_color_opacity=&#8221;1&#8243;&#8230;<\/p>\n","protected":false},"author":1,"featured_media":0,"parent":0,"menu_order":0,"comment_status":"closed","ping_status":"closed","template":"","meta":[],"_links":{"self":[{"href":"https:\/\/www.ibavet.com.tr\/en\/wp-json\/wp\/v2\/pages\/6600"}],"collection":[{"href":"https:\/\/www.ibavet.com.tr\/en\/wp-json\/wp\/v2\/pages"}],"about":[{"href":"https:\/\/www.ibavet.com.tr\/en\/wp-json\/wp\/v2\/types\/page"}],"author":[{"embeddable":true,"href":"https:\/\/www.ibavet.com.tr\/en\/wp-json\/wp\/v2\/users\/1"}],"replies":[{"embeddable":true,"href":"https:\/\/www.ibavet.com.tr\/en\/wp-json\/wp\/v2\/comments?post=6600"}],"version-history":[{"count":5,"href":"https:\/\/www.ibavet.com.tr\/en\/wp-json\/wp\/v2\/pages\/6600\/revisions"}],"predecessor-version":[{"id":11369,"href":"https:\/\/www.ibavet.com.tr\/en\/wp-json\/wp\/v2\/pages\/6600\/revisions\/11369"}],"wp:attachment":[{"href":"https:\/\/www.ibavet.com.tr\/en\/wp-json\/wp\/v2\/media?parent=6600"}],"curies":[{"name":"wp","href":"https:\/\/api.w.org\/{rel}","templated":true}]}}