{"id":6555,"date":"2019-02-20T13:56:34","date_gmt":"2019-02-20T10:56:34","guid":{"rendered":"https:\/\/www.ibavet.com.tr\/bolge-mudurlukleri\/"},"modified":"2026-01-26T16:27:20","modified_gmt":"2026-01-26T13:27:20","slug":"%d1%80%d0%b5%d0%b3%d0%b8%d0%be%d0%bd%d0%b0%d0%bb%d1%8c%d0%bd%d1%8b%d0%b5-%d0%bf%d1%80%d0%b5%d0%b4%d1%81%d1%82%d0%b0%d0%b2%d0%b8%d1%82%d0%b5%d0%bb%d1%8c%d1%81%d1%82%d0%b2%d0%b0","status":"publish","type":"page","link":"https:\/\/www.ibavet.com.tr\/ru\/%d1%80%d0%b5%d0%b3%d0%b8%d0%be%d0%bd%d0%b0%d0%bb%d1%8c%d0%bd%d1%8b%d0%b5-%d0%bf%d1%80%d0%b5%d0%b4%d1%81%d1%82%d0%b0%d0%b2%d0%b8%d1%82%d0%b5%d0%bb%d1%8c%d1%81%d1%82%d0%b2%d0%b0\/","title":{"rendered":"\u0420\u0435\u0433\u0438\u043e\u043d\u0430\u043b\u044c\u043d\u044b\u0435 \u041f\u0440\u0435\u0434\u0441\u0442\u0430\u0432\u0438\u0442\u0435\u043b\u044c\u0441\u0442\u0432\u0430"},"content":{"rendered":"[vc_row type=&#187;full_width_background&#187; full_screen_row_position=&#187;middle&#187; bg_image=&#187;6026&#8243; bg_position=&#187;left center&#187; bg_repeat=&#187;no-repeat&#187; scene_position=&#187;center&#187; text_color=&#187;light&#187; text_align=&#187;left&#187; top_padding=&#187;10%&#187; bottom_padding=&#187;10%&#187; enable_gradient=&#187;true&#187; color_overlay=&#187;#263336&#8243; gradient_direction=&#187;left_to_right&#187; overlay_strength=&#187;1&#8243; shape_divider_position=&#187;bottom&#187; bg_image_animation=&#187;none&#187; parallax_bg=&#187;true&#187; parallax_bg_speed=&#187;fast&#187; shape_type=&#187;&#187;][vc_column column_padding=&#187;no-extra-padding&#187; column_padding_position=&#187;all&#187; background_color_opacity=&#187;1&#8243; background_hover_color_opacity=&#187;1&#8243; column_link_target=&#187;_self&#187; column_shadow=&#187;none&#187; column_border_radius=&#187;none&#187; width=&#187;5\/12&#8243; tablet_width_inherit=&#187;default&#187; tablet_text_alignment=&#187;default&#187; phone_text_alignment=&#187;default&#187; column_border_width=&#187;none&#187; column_border_style=&#187;solid&#187; bg_image_animation=&#187;none&#187;][vc_row_inner column_margin=&#187;default&#187; text_align=&#187;left&#187;][vc_column_inner column_padding=&#187;no-extra-padding&#187; column_padding_position=&#187;all&#187; background_color_opacity=&#187;1&#8243; background_hover_color_opacity=&#187;1&#8243; column_shadow=&#187;none&#187; column_border_radius=&#187;none&#187; column_link_target=&#187;_self&#187; width=&#187;1\/1&#8243; tablet_width_inherit=&#187;default&#187; column_border_width=&#187;none&#187; column_border_style=&#187;solid&#187; bg_image_animation=&#187;none&#187;][vc_column_text css=&#187;.vc_custom_1554023669752{margin-top: 40px !important;margin-bottom: 5px !important;}&#187;]\n<h5>\u0130BAVET<\/h5>\n[\/vc_column_text][nectar_highlighted_text highlight_color=&#187;#ff1053&#8243; style=&#187;half_text&#187;]\n<h2>\u0414\u0432\u0435\u0440\u044c \u043d\u0430\u0432\u0441\u0442\u0440\u0435\u0447\u0443 \u043c\u0438\u0440\u0443&#8230;<\/h2>\n[\/nectar_highlighted_text]<div class=\"divider-wrap\" data-alignment=\"default\"><div style=\"margin-top: 50px; height: 1px; margin-bottom: 50px;\" data-width=\"100%\" data-animate=\"\" data-animation-delay=\"\" data-color=\"default\" class=\"divider-border\"><\/div><\/div>[vc_column_text]&#187;Ibavet&#187; \u043f\u0440\u043e\u0434\u043e\u043b\u0436\u0430\u0435\u0442 \u0437\u0430\u0432\u043e\u0435\u0432\u044b\u0432\u0430\u0442\u044c \u0434\u043e\u0432\u0435\u0440\u0438\u0435 \u0438 \u043f\u0440\u0438\u0437\u043d\u0430\u043d\u0438\u0435 \u043d\u0430 \u0432\u043d\u0443\u0442\u0440\u0435\u043d\u043d\u0435\u043c \u0438 \u043c\u0435\u0436\u0434\u0443\u043d\u0430\u0440\u043e\u0434\u043d\u043e\u043c \u0440\u044b\u043d\u043a\u0435 \u0431\u043b\u0430\u0433\u043e\u0434\u0430\u0440\u044f \u0448\u0438\u0440\u043e\u043a\u043e\u043c\u0443 \u0430\u0441\u0441\u043e\u0440\u0442\u0438\u043c\u0435\u043d\u0442\u0443 \u043f\u0440\u043e\u0434\u0443\u043a\u0446\u0438\u0438, \u043f\u043e\u0441\u0442\u043e\u044f\u043d\u043d\u043e \u0440\u0430\u0437\u0432\u0438\u0432\u0430\u044e\u0449\u0438\u043c\u0441\u044f \u0442\u0435\u0445\u043d\u043e\u043b\u043e\u0433\u0438\u044f\u043c, \u043e\u043f\u044b\u0442\u043d\u043e\u043c\u0443 \u043f\u0435\u0440\u0441\u043e\u043d\u0430\u043b\u0443 \u0438 \u0442\u0435\u0441\u043d\u044b\u043c \u043e\u0442\u043d\u043e\u0448\u0435\u043d\u0438\u044f\u043c \u0441 \u043a\u043b\u0438\u0435\u043d\u0442\u0430\u043c\u0438.[\/vc_column_text][\/vc_column_inner][\/vc_row_inner][\/vc_column][vc_column column_padding=&#187;no-extra-padding&#187; column_padding_position=&#187;all&#187; background_color_opacity=&#187;1&#8243; background_hover_color_opacity=&#187;1&#8243; column_link_target=&#187;_self&#187; column_shadow=&#187;none&#187; column_border_radius=&#187;none&#187; width=&#187;7\/12&#8243; tablet_width_inherit=&#187;default&#187; tablet_text_alignment=&#187;default&#187; phone_text_alignment=&#187;default&#187; column_border_width=&#187;none&#187; column_border_style=&#187;solid&#187; bg_image_animation=&#187;none&#187;][\/vc_column][\/vc_row][vc_row type=&#187;full_width_background&#187; full_screen_row_position=&#187;middle&#187; scene_position=&#187;center&#187; text_color=&#187;dark&#187; text_align=&#187;left&#187; top_padding=&#187;10%&#187; bottom_padding=&#187;10%&#187; overlay_strength=&#187;0.95&#8243; shape_divider_position=&#187;bottom&#187; bg_image_animation=&#187;none&#187;][vc_column column_padding=&#187;no-extra-padding&#187; column_padding_position=&#187;all&#187; background_color_opacity=&#187;1&#8243; background_hover_color_opacity=&#187;1&#8243; column_link_target=&#187;_self&#187; column_shadow=&#187;none&#187; column_border_radius=&#187;none&#187; width=&#187;1\/1&#8243; tablet_width_inherit=&#187;default&#187; tablet_text_alignment=&#187;default&#187; phone_text_alignment=&#187;default&#187; column_border_width=&#187;none&#187; column_border_style=&#187;solid&#187; bg_image_animation=&#187;none&#187; enable_animation=&#187;true&#187; animation=&#187;fade-in-from-bottom&#187;][vc_row_inner column_margin=&#187;default&#187; text_align=&#187;left&#187;][vc_column_inner column_padding=&#187;no-extra-padding&#187; column_padding_position=&#187;left&#187; background_color_opacity=&#187;1&#8243; background_hover_color_opacity=&#187;1&#8243; column_shadow=&#187;none&#187; column_border_radius=&#187;none&#187; column_link_target=&#187;_self&#187; width=&#187;1\/1&#8243; tablet_width_inherit=&#187;default&#187; column_border_width=&#187;none&#187; column_border_style=&#187;solid&#187; bg_image_animation=&#187;none&#187; enable_animation=&#187;true&#187; animation=&#187;fade-in-from-bottom&#187;][vc_column_text css=&#187;.vc_custom_1567684647396{margin-top: -8px !important;margin-bottom: -8px !important;}&#187;]\n<div class=\"col-sm-12 col-md-8 page-right animated fadeInUp visible\" data-animation=\"fadeInUp\" data-animation-delay=\"200\">\n<div class=\"col-sm-12\">\n<h2 class=\"title-iletisim-formu\">\u0420\u0435\u0433\u0438\u043e\u043d\u0430\u043b\u044c\u043d\u044b\u0435 \u041f\u0440\u0435\u0434\u0441\u0442\u0430\u0432\u0438\u0442\u0435\u043b\u044c\u0441\u0442\u0432\u0430<\/h2>\n<\/div>\n<\/div>\n[\/vc_column_text][\/vc_column_inner][\/vc_row_inner][vc_row_inner column_margin=&#187;default&#187; bottom_padding=&#187;80&#8243; text_align=&#187;left&#187;][vc_column_inner column_padding=&#187;no-extra-padding&#187; column_padding_position=&#187;left&#187; background_color_opacity=&#187;1&#8243; background_hover_color_opacity=&#187;1&#8243; column_shadow=&#187;none&#187; column_border_radius=&#187;none&#187; column_link_target=&#187;_self&#187; width=&#187;1\/1&#8243; tablet_width_inherit=&#187;default&#187; column_border_width=&#187;none&#187; column_border_style=&#187;solid&#187; bg_image_animation=&#187;none&#187; enable_animation=&#187;true&#187; animation=&#187;fade-in-from-bottom&#187; delay=&#187;50&#8243;][vc_custom_heading text=&#187;\u0421 \u043f\u043e\u043c\u043e\u0449\u044c\u044e \u043d\u0430\u0448\u0435\u0433\u043e \u043f\u043e\u0440\u0442\u0430\u0442\u0438\u0432\u043d\u043e\u0433\u043e \u043e\u0431\u043e\u0440\u0443\u0434\u043e\u0432\u0430\u043d\u0438\u044f \u043d\u0430\u0448\u0430 \u043c\u043e\u0431\u0438\u043b\u044c\u043d\u0430\u044f \u0442\u0435\u0445\u043d\u0438\u0447\u0435\u0441\u043a\u0430\u044f \u043a\u043e\u043c\u0430\u043d\u0434\u0430 \u043e\u043f\u044b\u0442\u043d\u044b\u0445 \u0438\u043d\u0436\u0435\u043d\u0435\u0440\u043e\u0432-\u0445\u0438\u043c\u0438\u043a\u043e\u0432 \u0433\u043e\u0442\u043e\u0432\u0430 \u043f\u0440\u0435\u0434\u043e\u0441\u0442\u0430\u0432\u0438\u0442\u044c \u0442\u0435\u0445\u043d\u0438\u0447\u0435\u0441\u043a\u0438\u0435 \u0443\u0441\u043b\u0443\u0433\u0438, \u043d\u0435\u043e\u0431\u0445\u043e\u0434\u0438\u043c\u044b\u0435 \u0432\u043e \u0432\u0441\u0435\u043c \u043c\u0438\u0440\u0435 \u0438 \u043f\u043e \u0432\u0441\u0435\u0439 \u043d\u0430\u0448\u0435\u0439 \u0441\u0442\u0440\u0430\u043d\u0435.&#187; font_container=&#187;tag:p|text_align:left|color:rgba(10%2C10%2C10%2C0.65)&#187; use_theme_fonts=&#187;yes&#187; css_animation=&#187;none&#187;][\/vc_column_inner][\/vc_row_inner][vc_row_inner column_margin=&#187;default&#187; text_align=&#187;left&#187;][vc_column_inner column_padding=&#187;no-extra-padding&#187; column_padding_position=&#187;all&#187; background_color_opacity=&#187;1&#8243; background_hover_color_opacity=&#187;1&#8243; column_shadow=&#187;none&#187; column_border_radius=&#187;none&#187; column_link_target=&#187;_self&#187; width=&#187;1\/1&#8243; tablet_width_inherit=&#187;default&#187; column_border_width=&#187;none&#187; column_border_style=&#187;solid&#187; bg_image_animation=&#187;none&#187; enable_animation=&#187;true&#187; animation=&#187;fade-in-from-bottom&#187;][nectar_horizontal_list_item columns=&#187;4&#8243; column_layout_using_4_columns=&#187;even&#187; col_1_text_align=&#187;left&#187; col_2_text_align=&#187;left&#187; col_3_text_align=&#187;right&#187; col_4_text_align=&#187;right&#187; font_family=&#187;p&#187; hover_color=&#187;accent-color&#187; col_1_content=&#187;\u0130stanbul \u0420\u0435\u0433\u0438\u043e\u043d\u0430\u043b\u044c\u043d\u0430\u044f \u0434\u0438\u0440\u0435\u043a\u0446\u0438\u044f&#187; col_2_content=&#187;Turgut A\u00c7IKG\u00d6Z&#187; col_3_content=&#187;\u0442\u0435\u043b\u0435\u0444\u043e\u043d: +90 530 881 76 74&#8243; col_4_content=&#187;turgut.acikgoz@ibavalresa.com.tr&#187;][nectar_horizontal_list_item columns=&#187;4&#8243; column_layout_using_4_columns=&#187;even&#187; col_1_text_align=&#187;left&#187; col_2_text_align=&#187;left&#187; col_3_text_align=&#187;right&#187; col_4_text_align=&#187;right&#187; font_family=&#187;p&#187; hover_color=&#187;accent-color&#187; col_1_content=&#187;\u0420\u0435\u0433\u0438\u043e\u043d\u0430\u043b\u044c\u043d\u043e\u0435 \u0443\u043f\u0440\u0430\u0432\u043b\u0435\u043d\u0438\u0435 \u042d\u0433\u0435\u0439\u0441\u043a\u043e\u0433\u043e \u0438 \u0421\u0440\u0435\u0434\u0438\u0437\u0435\u043c\u043d\u043e\u043c\u043e\u0440\u0441\u043a\u043e\u0433\u043e \u0440\u0435\u0433\u0438\u043e\u043d\u043e\u0432&#187; col_2_content=&#187;Osman YILMAZ&#187; col_3_content=&#187;\u0442\u0435\u043b\u0435\u0444\u043e\u043d: +90 533 086 09 84&#8243; col_4_content=&#187;osman.yilmaz@ibavalresa.com.tr&#187;][nectar_horizontal_list_item columns=&#187;4&#8243; column_layout_using_4_columns=&#187;even&#187; col_1_text_align=&#187;left&#187; col_2_text_align=&#187;left&#187; col_3_text_align=&#187;right&#187; col_4_text_align=&#187;right&#187; font_family=&#187;p&#187; hover_color=&#187;accent-color&#187; col_1_content=&#187;Bursa \u0420\u0435\u0433\u0438\u043e\u043d\u0430\u043b\u044c\u043d\u0430\u044f \u0434\u0438\u0440\u0435\u043a\u0446\u0438\u044f&#187; col_2_content=&#187;Oktay \u00d6ZKAN&#187; col_3_content=&#187;\u0442\u0435\u043b\u0435\u0444\u043e\u043d: +90 530 881 76 72&#8243; col_4_content=&#187;oktay.ozkan@ibavalresa.com.tr&#187;][nectar_horizontal_list_item columns=&#187;4&#8243; column_layout_using_4_columns=&#187;even&#187; col_1_text_align=&#187;left&#187; col_2_text_align=&#187;left&#187; col_3_text_align=&#187;right&#187; col_4_text_align=&#187;right&#187; font_family=&#187;p&#187; hover_color=&#187;accent-color&#187; col_1_content=&#187;\u0410\u043d\u043a\u0430\u0440\u0441\u043a\u043e\u0435 (\u0426\u0435\u043d\u0442\u0440\u0430\u043b\u044c\u043d\u043e\u0435) \u0440\u0435\u0433\u0438\u043e\u043d\u0430\u043b\u044c\u043d\u043e\u0435 \u0443\u043f\u0440\u0430\u0432\u043b\u0435\u043d\u0438\u0435&#187; col_2_content=&#187;\u015eahin \u00c7A\u011eLAR&#187; col_3_content=&#187;\u0442\u0435\u043b\u0435\u0444\u043e\u043d: +90 533 512 68 40&#8243; col_4_content=&#187;sahin.caglar@ibavalresa.com.tr&#187;][nectar_horizontal_list_item columns=&#187;4&#8243; column_layout_using_4_columns=&#187;even&#187; col_1_text_align=&#187;left&#187; col_2_text_align=&#187;left&#187; col_3_text_align=&#187;right&#187; col_4_text_align=&#187;right&#187; font_family=&#187;p&#187; hover_color=&#187;accent-color&#187; col_1_content=&#187;G\u00fcney Anadolu \u0420\u0435\u0433\u0438\u043e\u043d\u0430\u043b\u044c\u043d\u0430\u044f \u0434\u0438\u0440\u0435\u043a\u0446\u0438\u044f&#187; col_2_content=&#187;Erkan F\u0130L\u0130Z&#187; col_3_content=&#187;\u0442\u0435\u043b\u0435\u0444\u043e\u043d: +90 537 397 99 97&#8243; col_4_content=&#187;erkan.filiz@ibavalresa.com.tr&#187;][\/vc_column_inner][\/vc_row_inner][\/vc_column][\/vc_row][vc_row type=&#187;full_width_background&#187; full_screen_row_position=&#187;middle&#187; bg_image=&#187;5828&#8243; bg_position=&#187;center center&#187; bg_repeat=&#187;no-repeat&#187; bg_color=&#187;#333333&#8243; scene_position=&#187;center&#187; video_bg=&#187;use_video&#187; video_mp4=&#187;https:\/\/www.ibavet.com.tr\/wp-content\/uploads\/2019\/02\/drone-fabrika.mp4&#8243; text_color=&#187;light&#187; text_align=&#187;left&#187; top_padding=&#187;12%&#187; bottom_padding=&#187;12%&#187; color_overlay=&#187;#0a0a0a&#187; overlay_strength=&#187;0.8&#8243; shape_divider_position=&#187;bottom&#187; bg_image_animation=&#187;none&#187; video_mute=&#187;true&#187; shape_type=&#187;&#187;][vc_column centered_text=&#187;true&#187; column_padding=&#187;no-extra-padding&#187; column_padding_position=&#187;all&#187; background_color_opacity=&#187;1&#8243; background_hover_color_opacity=&#187;1&#8243; column_link_target=&#187;_self&#187; column_shadow=&#187;none&#187; column_border_radius=&#187;none&#187; width=&#187;1\/1&#8243; tablet_width_inherit=&#187;default&#187; tablet_text_alignment=&#187;default&#187; phone_text_alignment=&#187;default&#187; column_border_width=&#187;none&#187; column_border_style=&#187;solid&#187; bg_image_animation=&#187;none&#187;][vc_column_text css=&#187;.vc_custom_1550504016780{margin-bottom: 5px !important;}&#187;]\n<h5>\u0130BAVET<\/h5>\n[\/vc_column_text][vc_column_text css=&#187;.vc_custom_1567683135553{margin-bottom: 35px !important;}&#187;]\n<h1>\u041f\u043e\u0441\u043c\u043e\u0442\u0440\u0435\u0442\u044c \u043d\u0430\u0448 \u0437\u0430\u0432\u043e\u0434<\/h1>\n[\/vc_column_text][nectar_video_lightbox link_style=&#187;play_button&#187; video_url=&#187;https:\/\/www.ibavet.com.tr\/wp-content\/uploads\/2019\/02\/drone-fabrika.mp4&#8243;][\/vc_column][\/vc_row][vc_row type=&#187;full_width_content&#187; full_screen_row_position=&#187;middle&#187; equal_height=&#187;yes&#187; bg_color=&#187;#e62a32&#8243; scene_position=&#187;center&#187; text_color=&#187;light&#187; text_align=&#187;left&#187; overlay_strength=&#187;0.3&#8243; shape_divider_position=&#187;bottom&#187; bg_image_animation=&#187;none&#187; shape_type=&#187;&#187;][vc_column column_padding=&#187;no-extra-padding&#187; column_padding_position=&#187;all&#187; background_color_opacity=&#187;1&#8243; background_hover_color_opacity=&#187;1&#8243; column_link_target=&#187;_self&#187; column_shadow=&#187;none&#187; column_border_radius=&#187;none&#187; width=&#187;1\/2&#8243; tablet_width_inherit=&#187;default&#187; tablet_text_alignment=&#187;default&#187; phone_text_alignment=&#187;default&#187; column_border_width=&#187;none&#187; column_border_style=&#187;solid&#187; bg_image_animation=&#187;none&#187; enable_animation=&#187;true&#187; animation=&#187;grow-in&#187; delay=&#187;200&#8243;][nectar_gmap map_type=&#187;leaflet&#187; zoom=&#187;6&#8243; marker_style=&#187;nectar&#187; color=&#187;accent-color&#187; leaflet_map_greyscale=&#187;1&#8243; infowindow_start_open=&#187;1&#8243; size=&#187;750&#8243; map_center_lat=&#187;39.961452&#8243; map_center_lng=&#187;32.535911&#8243; map_markers=&#187;\u0130ba. Valresa&#187; marker_image_width=&#187;32&#8243; marker_image_height=&#187;51&#8243;][\/vc_column][vc_column column_padding=&#187;padding-12-percent&#187; column_padding_position=&#187;all&#187; background_color=&#187;#e62a32&#8243; background_color_opacity=&#187;0.9&#8243; background_hover_color_opacity=&#187;1&#8243; background_image=&#187;123&#8243; enable_bg_scale=&#187;true&#187; column_link_target=&#187;_self&#187; column_shadow=&#187;none&#187; column_border_radius=&#187;none&#187; width=&#187;1\/2&#8243; tablet_width_inherit=&#187;default&#187; tablet_text_alignment=&#187;default&#187; phone_text_alignment=&#187;default&#187; column_border_width=&#187;none&#187; column_border_style=&#187;solid&#187; bg_image_animation=&#187;fade-in&#187; enable_animation=&#187;true&#187; animation=&#187;grow-in&#187; delay=&#187;300&#8243;][vc_column_text css_animation=&#187;none&#187;]\n<h2>\u043d\u0430\u0448 \u0430\u0434\u0440\u0435\u0441<\/h2>\n<p>O\u011fuz Caddesi No:24 I. Organize Sanayii Bolgesi<br \/>\n06930 Sincan \/ ANKARA<\/p>\n<p>Phone : 0 312 267 56 22<br \/>\nFax: 0 312 267 56 29<br \/>\ninfo@ibavalresa.com.tr[\/vc_column_text]<div class=\"nectar-social  hide-share-count full-width items_5\"><a class='facebook-share nectar-sharing' href='#' title='Share this'> <i class='fa fa-facebook'><\/i> <span class='count'><\/span><\/a><a class='twitter-share nectar-sharing' href='#' title='Tweet this'> <i class='fa fa-twitter'><\/i> <span class='count'><\/span><\/a><a class='google-plus-share nectar-sharing-alt' href='#' title='Share this'> <i class='fa fa-google-plus'><\/i> <span class='count'><\/span><\/a><a class='linkedin-share nectar-sharing' href='#' title='Share this'> <i class='fa fa-linkedin'><\/i> <span class='count'><\/span><\/a><a class='pinterest-share nectar-sharing' href='#' title='Pin this'> <i class='fa fa-pinterest'><\/i> <span class='count'><\/span><\/a><\/div>[\/vc_column][\/vc_row]\n","protected":false},"excerpt":{"rendered":"<p>[vc_row type=&#187;full_width_background&#187; full_screen_row_position=&#187;middle&#187; bg_image=&#187;6026&#8243; bg_position=&#187;left center&#187; bg_repeat=&#187;no-repeat&#187; scene_position=&#187;center&#187; text_color=&#187;light&#187; text_align=&#187;left&#187; top_padding=&#187;10%&#187; bottom_padding=&#187;10%&#187; enable_gradient=&#187;true&#187; color_overlay=&#187;#263336&#8243; gradient_direction=&#187;left_to_right&#187; overlay_strength=&#187;1&#8243; shape_divider_position=&#187;bottom&#187; bg_image_animation=&#187;none&#187; parallax_bg=&#187;true&#187; parallax_bg_speed=&#187;fast&#187; shape_type=&#187;&#187;][vc_column column_padding=&#187;no-extra-padding&#187; column_padding_position=&#187;all&#187; background_color_opacity=&#187;1&#8243; background_hover_color_opacity=&#187;1&#8243;&#8230;<\/p>\n","protected":false},"author":1,"featured_media":0,"parent":0,"menu_order":0,"comment_status":"closed","ping_status":"closed","template":"","meta":[],"_links":{"self":[{"href":"https:\/\/www.ibavet.com.tr\/ru\/wp-json\/wp\/v2\/pages\/6555"}],"collection":[{"href":"https:\/\/www.ibavet.com.tr\/ru\/wp-json\/wp\/v2\/pages"}],"about":[{"href":"https:\/\/www.ibavet.com.tr\/ru\/wp-json\/wp\/v2\/types\/page"}],"author":[{"embeddable":true,"href":"https:\/\/www.ibavet.com.tr\/ru\/wp-json\/wp\/v2\/users\/1"}],"replies":[{"embeddable":true,"href":"https:\/\/www.ibavet.com.tr\/ru\/wp-json\/wp\/v2\/comments?post=6555"}],"version-history":[{"count":5,"href":"https:\/\/www.ibavet.com.tr\/ru\/wp-json\/wp\/v2\/pages\/6555\/revisions"}],"predecessor-version":[{"id":11368,"href":"https:\/\/www.ibavet.com.tr\/ru\/wp-json\/wp\/v2\/pages\/6555\/revisions\/11368"}],"wp:attachment":[{"href":"https:\/\/www.ibavet.com.tr\/ru\/wp-json\/wp\/v2\/media?parent=6555"}],"curies":[{"name":"wp","href":"https:\/\/api.w.org\/{rel}","templated":true}]}}